{"id":174,"date":"2026-01-13T19:07:50","date_gmt":"2026-01-13T18:07:50","guid":{"rendered":"https:\/\/zivana.bplaced.net\/kroatien\/?page_id=174"},"modified":"2026-01-19T13:38:54","modified_gmt":"2026-01-19T12:38:54","slug":"istrien-kroatiens-sonnige-halbinsel-voller-vielfalt","status":"publish","type":"page","link":"https:\/\/zivana.bplaced.net\/kroatien\/istrien-kroatiens-sonnige-halbinsel-voller-vielfalt\/","title":{"rendered":"Istrien &#8211; Kroatiens sonnige Halbinsel voller Vielfalt"},"content":{"rendered":"\n<div style=\"height:100px\" aria-hidden=\"true\" class=\"wp-block-spacer\"><\/div>\n\n\n\n<div class=\"wp-block-columns alignwide is-layout-flex wp-container-core-columns-is-layout-28f84493 wp-block-columns-is-layout-flex\">\n<div class=\"wp-block-column is-layout-flow wp-block-column-is-layout-flow\">\n<p>Willkommen in <strong>Istrien<\/strong>, einer der sch\u00f6nsten Regionen Kroatiens. Die herzf\u00f6rmige Halbinsel an der Adria begeistert mit kristallklarem Meer, malerischen K\u00fcstenst\u00e4dten, gr\u00fcnen H\u00fcgeln im Landesinneren und einer einzigartigen Mischung aus mediterranem Flair und mitteleurop\u00e4ischer Kultur.<\/p>\n<\/div>\n\n\n\n<div class=\"wp-block-column is-layout-flow wp-block-column-is-layout-flow\">\n<figure class=\"wp-block-image aligncenter size-large\"><img loading=\"lazy\" decoding=\"async\" width=\"1024\" height=\"683\" src=\"https:\/\/zivana.bplaced.net\/kroatien\/wp-content\/uploads\/2025\/12\/Istrien-1024x683.jpg\" alt=\"Istrien\" class=\"wp-image-176\" srcset=\"https:\/\/zivana.bplaced.net\/kroatien\/wp-content\/uploads\/2025\/12\/Istrien-1024x683.jpg 1024w, https:\/\/zivana.bplaced.net\/kroatien\/wp-content\/uploads\/2025\/12\/Istrien-300x200.jpg 300w, https:\/\/zivana.bplaced.net\/kroatien\/wp-content\/uploads\/2025\/12\/Istrien-768x512.jpg 768w, https:\/\/zivana.bplaced.net\/kroatien\/wp-content\/uploads\/2025\/12\/Istrien.jpg 1254w\" sizes=\"auto, (max-width: 1024px) 100vw, 1024px\" \/><figcaption class=\"wp-element-caption\"><em><strong>Wundersch\u00f6nes Dorf Draguc<\/strong><\/em><\/figcaption><\/figure>\n<\/div>\n<\/div>\n\n\n\n<div class=\"wp-block-group alignwide has-global-padding is-layout-constrained wp-block-group-is-layout-constrained\">\n<h2 class=\"wp-block-heading\"><strong>Meer, Natur und Geschichte<\/strong><\/h2>\n\n\n\n<div class=\"wp-block-columns is-style-default has-background has-large-font-size is-layout-flex wp-container-core-columns-is-layout-3115ee67 wp-block-columns-is-layout-flex\" style=\"border-width:1px;border-top-left-radius:20px;border-top-right-radius:20px;border-bottom-left-radius:20px;border-bottom-right-radius:20px;background-color:#54c6f74d;padding-top:var(--wp--preset--spacing--20);padding-right:var(--wp--preset--spacing--50);padding-bottom:var(--wp--preset--spacing--20);padding-left:var(--wp--preset--spacing--50)\">\n<div class=\"wp-block-column is-layout-flow wp-block-column-is-layout-flow\">\n<p>Entlang der K\u00fcste erwarten Sie charmante <strong>Orte <\/strong>wie Rovinj, Pore\u010d und Pula mit historischen <strong>Altst\u00e4dten<\/strong>, r\u00f6mischen Bauwerken und lebendigen <strong>Promenaden<\/strong>. Das ber\u00fchmte Amphitheater von Pula z\u00e4hlt zu den am besten erhaltenen der Welt.<\/p>\n<\/div>\n\n\n\n<div class=\"wp-block-column is-layout-flow wp-block-column-is-layout-flow\">\n<p><strong>Badebuchten<\/strong>, <strong>Str\u00e4nde <\/strong>und versteckte <strong>Felsbuchten <\/strong>laden zum Entspannen und Entdecken ein.<\/p>\n<\/div>\n\n\n\n<div class=\"wp-block-column is-layout-flow wp-block-column-is-layout-flow\">\n<p>Im Landesinneren zeigt sich Istrien von seiner ruhigen Seite: sanfte <strong>H\u00fcgel<\/strong>, <strong>Weinberge<\/strong>, <strong>Olivenhaine <\/strong>und <strong>mittelalterliche St\u00e4dtchen <\/strong>wie Motovun oder Gro\u017enjan bieten atemberaubende Ausblicke und authentische Erlebnisse.<\/p>\n<\/div>\n<\/div>\n\n\n\n<figure class=\"wp-block-embed alignwide is-type-video is-provider-youtube wp-block-embed-youtube wp-embed-aspect-16-9 wp-has-aspect-ratio\" style=\"margin-top:var(--wp--preset--spacing--30);margin-right:0;margin-bottom:var(--wp--preset--spacing--30);margin-left:0\"><div class=\"wp-block-embed__wrapper\">\n<iframe loading=\"lazy\" title=\"Doku: Istrien | Die magische Kultur und Natur Kroatiens\" width=\"500\" height=\"281\" src=\"https:\/\/www.youtube.com\/embed\/DT9clu2Jcyg?start=22&#038;feature=oembed\" frameborder=\"0\" allow=\"accelerometer; autoplay; clipboard-write; encrypted-media; gyroscope; picture-in-picture; web-share\" referrerpolicy=\"strict-origin-when-cross-origin\" allowfullscreen><\/iframe>\n<\/div><\/figure>\n<\/div>\n\n\n\n<div class=\"wp-block-group alignwide has-global-padding is-layout-constrained wp-block-group-is-layout-constrained\">\n<h2 class=\"wp-block-heading is-style-default\"><strong>Genuss und Kulinarik<\/strong><\/h2>\n\n\n\n<p>Istrien ist ein Paradies f\u00fcr Feinschmecker. Regionale <strong>Spezialit\u00e4ten <\/strong>wie <strong>Tr\u00fcffel<\/strong>, <strong>Oliven\u00f6l<\/strong>, <strong>frischer Fisch<\/strong>, <strong>Meeresfr\u00fcchte<\/strong> und hervorragende <strong>Weine<\/strong> machen die istrische K\u00fcche weit \u00fcber die Grenzen Kroatiens hinaus bekannt. Tradition trifft hier auf moderne Gastronomie.<\/p>\n\n\n\n<figure class=\"wp-block-image size-full\"><img loading=\"lazy\" decoding=\"async\" width=\"800\" height=\"533\" src=\"https:\/\/zivana.bplaced.net\/kroatien\/wp-content\/uploads\/2025\/12\/IstrienEssen.jpg\" alt=\"Istrien Essen\" class=\"wp-image-179\" srcset=\"https:\/\/zivana.bplaced.net\/kroatien\/wp-content\/uploads\/2025\/12\/IstrienEssen.jpg 800w, https:\/\/zivana.bplaced.net\/kroatien\/wp-content\/uploads\/2025\/12\/IstrienEssen-300x200.jpg 300w, https:\/\/zivana.bplaced.net\/kroatien\/wp-content\/uploads\/2025\/12\/IstrienEssen-768x512.jpg 768w\" sizes=\"auto, (max-width: 800px) 100vw, 800px\" \/><\/figure>\n<\/div>\n\n\n\n<div style=\"height:100px\" aria-hidden=\"true\" class=\"wp-block-spacer\"><\/div>\n\n\n\n<h2 class=\"wp-block-heading has-text-align-left\"><strong>Sehensw\u00fcrdigkeiten<\/strong><\/h2>\n\n\n\n<div class=\"wp-block-columns alignwide are-vertically-aligned-center is-layout-flex wp-container-core-columns-is-layout-28f84493 wp-block-columns-is-layout-flex\">\n<div class=\"wp-block-column is-vertically-aligned-center is-layout-flow wp-block-column-is-layout-flow\">\n<p>Eine der bekanntesten Sehensw\u00fcrdigkeiten Istriens ist das r\u00f6mische <strong>Amphitheater in Pula<\/strong>. Die imposante Arena aus dem 1. Jahrhundert z\u00e4hlt zu den am besten erhaltenen ihrer Art weltweit und ist bis heute Schauplatz von Konzerten und Veranstaltungen. Ebenfalls in Pula finden sich zahlreiche weitere Zeugnisse aus der R\u00f6merzeit, darunter der Augustustempel und der Triumphbogen der Sergier.<\/p>\n<\/div>\n\n\n\n<div class=\"wp-block-column is-vertically-aligned-center is-layout-flow wp-block-column-is-layout-flow\">\n<figure class=\"wp-block-image size-full\"><img loading=\"lazy\" decoding=\"async\" width=\"297\" height=\"169\" src=\"https:\/\/zivana.bplaced.net\/kroatien\/wp-content\/uploads\/2026\/01\/images.jpg\" alt=\"\" class=\"wp-image-238\"\/><\/figure>\n<\/div>\n<\/div>\n\n\n\n<div style=\"height:100px\" aria-hidden=\"true\" class=\"wp-block-spacer\"><\/div>\n\n\n\n<div class=\"wp-block-columns alignwide is-layout-flex wp-container-core-columns-is-layout-28f84493 wp-block-columns-is-layout-flex\">\n<div class=\"wp-block-column is-layout-flow wp-block-column-is-layout-flow\">\n<p>Die <strong>K\u00fcstenstadt Rovinj<\/strong> gilt als eine der romantischsten St\u00e4dte Kroatiens. Ihre Altstadt liegt auf einer Halbinsel und ist gepr\u00e4gt von engen Gassen, bunten H\u00e4usern und der barocken Kirche der Heiligen Euphemia, die hoch \u00fcber der Stadt thront. Von dort aus bietet sich ein atemberaubender Blick \u00fcber das Meer und die umliegenden Inseln.<\/p>\n<\/div>\n\n\n\n<div class=\"wp-block-column is-layout-flow wp-block-column-is-layout-flow\">\n<figure class=\"wp-block-image aligncenter size-large\"><img loading=\"lazy\" decoding=\"async\" width=\"1024\" height=\"682\" src=\"https:\/\/zivana.bplaced.net\/kroatien\/wp-content\/uploads\/2026\/01\/Rovinj-at-sunset.-Aerial-photo-1024x682.jpg\" alt=\"\" class=\"wp-image-240\" srcset=\"https:\/\/zivana.bplaced.net\/kroatien\/wp-content\/uploads\/2026\/01\/Rovinj-at-sunset.-Aerial-photo-1024x682.jpg 1024w, https:\/\/zivana.bplaced.net\/kroatien\/wp-content\/uploads\/2026\/01\/Rovinj-at-sunset.-Aerial-photo-300x200.jpg 300w, https:\/\/zivana.bplaced.net\/kroatien\/wp-content\/uploads\/2026\/01\/Rovinj-at-sunset.-Aerial-photo-768x512.jpg 768w, https:\/\/zivana.bplaced.net\/kroatien\/wp-content\/uploads\/2026\/01\/Rovinj-at-sunset.-Aerial-photo-1536x1023.jpg 1536w, https:\/\/zivana.bplaced.net\/kroatien\/wp-content\/uploads\/2026\/01\/Rovinj-at-sunset.-Aerial-photo.jpg 1920w\" sizes=\"auto, (max-width: 1024px) 100vw, 1024px\" \/><\/figure>\n<\/div>\n<\/div>\n\n\n\n<p><\/p>\n","protected":false},"excerpt":{"rendered":"<p>Willkommen in Istrien, einer der sch\u00f6nsten Regionen Kroatiens. Die herzf\u00f6rmige Halbinsel an der Adria begeistert mit kristallklarem Meer, malerischen K\u00fcstenst\u00e4dten, gr\u00fcnen H\u00fcgeln im Landesinneren und einer einzigartigen Mischung aus mediterranem Flair und mitteleurop\u00e4ischer Kultur. Meer, Natur und Geschichte Entlang der K\u00fcste erwarten Sie charmante Orte wie Rovinj, Pore\u010d und Pula mit historischen Altst\u00e4dten, r\u00f6mischen Bauwerken [&hellip;]<\/p>\n","protected":false},"author":1,"featured_media":0,"parent":0,"menu_order":0,"comment_status":"closed","ping_status":"closed","template":"","meta":{"footnotes":""},"class_list":["post-174","page","type-page","status-publish","hentry"],"_links":{"self":[{"href":"https:\/\/zivana.bplaced.net\/kroatien\/wp-json\/wp\/v2\/pages\/174","targetHints":{"allow":["GET"]}}],"collection":[{"href":"https:\/\/zivana.bplaced.net\/kroatien\/wp-json\/wp\/v2\/pages"}],"about":[{"href":"https:\/\/zivana.bplaced.net\/kroatien\/wp-json\/wp\/v2\/types\/page"}],"author":[{"embeddable":true,"href":"https:\/\/zivana.bplaced.net\/kroatien\/wp-json\/wp\/v2\/users\/1"}],"replies":[{"embeddable":true,"href":"https:\/\/zivana.bplaced.net\/kroatien\/wp-json\/wp\/v2\/comments?post=174"}],"version-history":[{"count":15,"href":"https:\/\/zivana.bplaced.net\/kroatien\/wp-json\/wp\/v2\/pages\/174\/revisions"}],"predecessor-version":[{"id":244,"href":"https:\/\/zivana.bplaced.net\/kroatien\/wp-json\/wp\/v2\/pages\/174\/revisions\/244"}],"wp:attachment":[{"href":"https:\/\/zivana.bplaced.net\/kroatien\/wp-json\/wp\/v2\/media?parent=174"}],"curies":[{"name":"wp","href":"https:\/\/api.w.org\/{rel}","templated":true}]}}